{"id":2297,"date":"2020-09-24T19:41:34","date_gmt":"2020-09-24T17:41:34","guid":{"rendered":"https:\/\/schutzmasken.ch\/?page_id=2297"},"modified":"2021-01-04T20:22:12","modified_gmt":"2021-01-04T19:22:12","slug":"kontakt","status":"publish","type":"page","link":"https:\/\/schutzmasken.ch\/en\/kontakt\/","title":{"rendered":"Contact"},"content":{"rendered":"<section class=\"section\" id=\"section_1488471263\">\n\t\t<div class=\"section-bg fill\" >\n\t\t\t\t\t\t\t\t\t\n\t\t\t\n\t<div class=\"is-border\"\n\t\tstyle=\"border-color:rgb(235, 235, 235);border-width:1px 0px 0px 0px;\">\n\t<\/div>\n\n\t\t<\/div>\n\n\t\t\n\n\t\t<div class=\"section-content relative\">\n\t\t\t\n<div class=\"row\"  id=\"row-1725499038\">\n\n\t<div id=\"col-1154333912\" class=\"col small-12 large-12\"  >\n\t\t\t\t<div class=\"col-inner text-center\"  >\n\t\t\t\n\t\t\t\n<h1><span style=\"font-size: 150%; font-weight: bold;\">We would be happy to advise you<\/span><\/h1>\n<p>Wir haben f\u00fcr KMUs zur Zeit auch gr\u00f6ssere Mengen an Lager, Ihre Anfrage k\u00f6nnen Sie <br \/>direkt unten mittels Formular eintragen. Wir sind auch telefonisch f\u00fcr Sie da.<\/p>\n\t\t<\/div>\n\t\t\t\t\t<\/div>\n\n\t\n<\/div>\n\t\t<\/div>\n\n\t\t\n<style>\n#section_1488471263 {\n  padding-top: 60px;\n  padding-bottom: 60px;\n  min-height: 250px;\n  background-color: rgb(255,255,255);\n}\n<\/style>\n\t<\/section>\n\t\n\n\t<section class=\"section\" id=\"section_791413461\">\n\t\t<div class=\"section-bg fill\" >\n\t\t\t\t\t\t\t\t\t\n\t\t\t\n\t<div class=\"is-border\"\n\t\tstyle=\"border-color:rgb(235, 235, 235);border-width:1px 0px 0px 0px;\">\n\t<\/div>\n\n\t\t<\/div>\n\n\t\t\n\n\t\t<div class=\"section-content relative\">\n\t\t\t\n<div class=\"row row-collapse\"  id=\"row-702178178\">\n\n\t<div id=\"col-1374769522\" class=\"col medium-6 small-12 large-6\"  >\n\t\t\t\t<div class=\"col-inner text-center\"  >\n\t\t\t\n\t\t\t\n\n\t\t<div class=\"icon-box featured-box icon-box-top text-left is-xsmall\"  >\n\t\t\t\t\t<div class=\"icon-box-img\" style=\"width: 39px\">\n\t\t\t\t<div class=\"icon\">\n\t\t\t\t\t<div class=\"icon-inner\" >\n\t\t\t\t\t\t<?xml version=\"1.0\" encoding=\"UTF-8\"?>\r\n<!DOCTYPE svg PUBLIC \"-\/\/W3C\/\/DTD SVG 1.1\/\/EN\" \"http:\/\/www.w3.org\/Graphics\/SVG\/1.1\/DTD\/svg11.dtd\">\r\n<!-- Creator: CorelDRAW Home & Student 2018 -->\r\n<?xml-stylesheet href=\"email.css\" type=\"text\/css\"?>\r\n<svg xmlns=\"http:\/\/www.w3.org\/2000\/svg\" xml:space=\"preserve\" width=\"2480px\" height=\"3508px\" version=\"1.1\" style=\"shape-rendering:geometricPrecision; text-rendering:geometricPrecision; image-rendering:optimizeQuality; fill-rule:evenodd; clip-rule:evenodd\"\r\nviewBox=\"0 0 2480 3507.43\"\r\n xmlns:xlink=\"http:\/\/www.w3.org\/1999\/xlink\">\r\n <g id=\"Ebene_x0020_1\">\r\n  <metadata id=\"CorelCorpID_0Corel-Layer\"\/>\r\n  <path class=\"fil0\" d=\"M2435.71 823.71l-2391.42 0c-24.46,0 -44.29,19.83 -44.29,44.29l0 1771.43c0,24.46 19.83,44.28 44.29,44.28l2391.42 0c24.46,0 44.29,-19.82 44.29,-44.28l0 -1771.43c0,-24.46 -19.83,-44.29 -44.29,-44.29zm-1650.48 1093.06l-620 664.29c-10.69,11.99 -27.03,17.25 -42.7,13.76 -15.68,-3.5 -28.23,-15.21 -32.81,-30.61 -4.58,-15.4 -0.46,-32.06 10.76,-43.56l620 -664.28c10.69,-11.99 27.03,-17.26 42.71,-13.76 15.67,3.5 28.23,15.21 32.8,30.61 4.58,15.4 0.46,32.06 -10.76,43.55zm1592.12 666.46c-17.89,16.67 -45.9,15.7 -62.58,-2.17l-620 -664.29c-11.22,-11.49 -15.34,-28.15 -10.76,-43.55 4.57,-15.4 17.12,-27.11 32.8,-30.61 15.68,-3.5 32.02,1.76 42.71,13.76l620 664.28c16.67,17.89 15.7,45.9 -2.17,62.58zm-1.73 -1592.74l-1021.67 858.22c-31.89,26.86 -72.25,41.59 -113.95,41.58 -41.7,0.01 -82.06,-14.72 -113.95,-41.58l-1021.67 -858.22c-12.12,-10.17 -17.89,-26.04 -15.14,-41.62 2.75,-15.58 13.61,-28.51 28.48,-33.92 14.87,-5.41 31.5,-2.47 43.62,7.7l1021.67 858.26c32.95,27.7 81.04,27.7 113.99,0l1021.67 -858.26c18.73,-15.73 46.67,-13.29 62.4,5.45 15.72,18.73 13.28,46.67 -5.45,62.39z\"\/>\r\n <\/g>\r\n<\/svg>\r\n\t\t\t\t\t<\/div>\n\t\t\t\t<\/div>\n\t\t\t<\/div>\n\t\t\t\t<div class=\"icon-box-text last-reset\">\n\t\t\t\t\t\t\t\t\t\n\t\t<\/div>\n\t<\/div>\n\t\n\t\n<p>MAILADRESSE<\/p>\n<a href=\"mailto:INFO@SCHUTZMASKEN.CH\" class=\"button primary is-link is-large\"  >\n\t\t<span>info@schutzmasken.ch<\/span>\n\t<\/a>\n\n\t\t<\/div>\n\t\t\t\t\t<\/div>\n\n\t\n\n\t<div id=\"col-593762408\" class=\"col medium-6 small-12 large-6\"  >\n\t\t\t\t<div class=\"col-inner text-center\"  >\n\t\t\t\n\t\t\t\n\n\t\t<div class=\"icon-box featured-box icon-box-top text-left is-xsmall\"  >\n\t\t\t\t\t<div class=\"icon-box-img\" style=\"width: 39px\">\n\t\t\t\t<div class=\"icon\">\n\t\t\t\t\t<div class=\"icon-inner\" >\n\t\t\t\t\t\t<?xml version=\"1.0\" encoding=\"UTF-8\"?>\r\n<!DOCTYPE svg PUBLIC \"-\/\/W3C\/\/DTD SVG 1.1\/\/EN\" \"http:\/\/www.w3.org\/Graphics\/SVG\/1.1\/DTD\/svg11.dtd\">\r\n<!-- Creator: CorelDRAW Home & Student 2018 -->\r\n<?xml-stylesheet href=\"anruf.css\" type=\"text\/css\"?>\r\n<svg xmlns=\"http:\/\/www.w3.org\/2000\/svg\" xml:space=\"preserve\" width=\"2480px\" height=\"3508px\" version=\"1.1\" style=\"shape-rendering:geometricPrecision; text-rendering:geometricPrecision; image-rendering:optimizeQuality; fill-rule:evenodd; clip-rule:evenodd\"\r\nviewBox=\"0 0 2480 3507.43\"\r\n xmlns:xlink=\"http:\/\/www.w3.org\/1999\/xlink\">\r\n <g id=\"Ebene_x0020_1\">\r\n  <metadata id=\"CorelCorpID_0Corel-Layer\"\/>\r\n  <path class=\"fil0\" d=\"M2431.78 2485.71l-274.94 -183.3 -244.4 -162.91c-47.17,-31.38 -110.56,-21.09 -145.38,23.6l-151.24 194.42c-32.49,42.19 -90.92,54.32 -137.51,28.52 -102.62,-57.08 -223.97,-110.82 -491.72,-378.92 -267.75,-268.09 -321.84,-389.1 -378.92,-491.71 -25.79,-46.59 -13.67,-105.03 28.52,-137.51l194.42 -151.24c44.7,-34.81 54.99,-98.2 23.61,-145.38l-157.91 -236.88 -188.31 -282.46c-32.05,-48.08 -96.21,-62.51 -145.76,-32.8l-217.17 130.29c-58.69,34.58 -101.84,90.41 -120.49,155.93 -59.39,216.53 -71.37,694.18 694.13,1459.68 765.5,765.5 1243.11,753.49 1459.63,694.09 65.53,-18.65 121.36,-61.79 155.94,-120.49l130.29 -217.17c29.72,-49.55 15.28,-113.71 -32.79,-145.76z\"\/>\r\n  <path class=\"fil0\" d=\"M1411.01 898.53c401.26,0.45 726.44,325.62 726.89,726.89 0,23.61 19.14,42.76 42.76,42.76 23.61,0 42.76,-19.14 42.76,-42.76 -0.49,-448.47 -363.93,-811.91 -812.4,-812.4 -23.62,0 -42.76,19.14 -42.76,42.76 -0.01,23.6 19.13,42.75 42.75,42.75z\"\/>\r\n  <path class=\"fil0\" d=\"M1411.01 1155.08c259.64,0.3 470.03,210.7 470.34,470.33 0,23.62 19.14,42.76 42.76,42.76 23.61,0 42.76,-19.14 42.76,-42.76 -0.36,-306.84 -249.01,-555.5 -555.86,-555.85 -23.61,0 -42.76,19.14 -42.76,42.76 0,23.62 19.14,42.76 42.76,42.76z\"\/>\r\n  <path class=\"fil0\" d=\"M1411.01 1411.63c118.02,0.14 213.65,95.77 213.79,213.79 0,23.61 19.14,42.76 42.76,42.76 23.62,0 42.76,-19.14 42.76,-42.76 -0.19,-165.22 -134.08,-299.12 -299.3,-299.31 -23.62,0 -42.76,19.15 -42.76,42.76 -0.01,23.62 19.13,42.76 42.75,42.76z\"\/>\r\n <\/g>\r\n<\/svg>\r\n\t\t\t\t\t<\/div>\n\t\t\t\t<\/div>\n\t\t\t<\/div>\n\t\t\t\t<div class=\"icon-box-text last-reset\">\n\t\t\t\t\t\t\t\t\t\n\t\t<\/div>\n\t<\/div>\n\t\n\t\n<p>TELEFON<\/p>\n<a href=\"tel:0041435000026\" class=\"button primary is-link is-large\"  >\n\t\t<span>+41 43 500 00 26<\/span>\n\t<\/a>\n\n\t\t<\/div>\n\t\t\t\t\t<\/div>\n\n\t\n<\/div>\n\t\t<\/div>\n\n\t\t\n<style>\n#section_791413461 {\n  padding-top: 60px;\n  padding-bottom: 60px;\n  min-height: 300px;\n  background-color: rgb(210, 224, 236);\n}\n<\/style>\n\t<\/section>\n\t\n\n\t<section class=\"section\" id=\"section_498539429\">\n\t\t<div class=\"section-bg fill\" >\n\t\t\t\t\t\t\t\t\t\n\t\t\t\n\t<div class=\"is-border\"\n\t\tstyle=\"border-color:rgb(235, 235, 235);border-width:1px 0px 0px 0px;\">\n\t<\/div>\n\n\t\t<\/div>\n\n\t\t\n\n\t\t<div class=\"section-content relative\">\n\t\t\t\n<div class=\"row row-collapse align-center\"  id=\"row-2030138634\">\n\n\t<div id=\"col-1470192204\" class=\"col medium-8 small-12 large-8\"  >\n\t\t\t\t<div class=\"col-inner text-center\"  >\n\t\t\t\n\t\t\t\n<h2 class=\"uppercase\"><span style=\"font-size: 120%;font-weight: 700;\">Send us your request<\/span><\/h2>\n<p>Wir werden uns umgehend um Ihre Anfrage k\u00fcmmern<\/p>\n\t\t<\/div>\n\t\t\t\t\n<style>\n#col-1470192204 > .col-inner {\n  padding: 0px 0px 30px 0px;\n}\n<\/style>\n\t<\/div>\n\n\t\n\n\t<div id=\"col-1773557700\" class=\"col medium-8 small-12 large-8\"  >\n\t\t\t\t<div class=\"col-inner text-left\"  >\n\t\t\t\n\t\t\t\n\n<div class=\"wpcf7 no-js\" id=\"wpcf7-f36-o2\" lang=\"en-US\" dir=\"ltr\">\n<div class=\"screen-reader-response\"><p role=\"status\" aria-live=\"polite\" aria-atomic=\"true\"><\/p> <ul><\/ul><\/div>\n<form action=\"\/en\/wp-json\/wp\/v2\/pages\/2297#wpcf7-f36-o2\" method=\"post\" class=\"wpcf7-form init\" aria-label=\"Contact form\" novalidate=\"novalidate\" data-status=\"init\">\n<div style=\"display: none;\">\n<input type=\"hidden\" name=\"_wpcf7\" value=\"36\" \/>\n<input type=\"hidden\" name=\"_wpcf7_version\" value=\"5.9.8\" \/>\n<input type=\"hidden\" name=\"_wpcf7_locale\" value=\"en_US\" \/>\n<input type=\"hidden\" name=\"_wpcf7_unit_tag\" value=\"wpcf7-f36-o2\" \/>\n<input type=\"hidden\" name=\"_wpcf7_container_post\" value=\"0\" \/>\n<input type=\"hidden\" name=\"_wpcf7_posted_data_hash\" value=\"\" \/>\n<\/div>\n<p><label>Company<\/label><br \/>\n<span class=\"wpcf7-form-control-wrap\" data-name=\"company\"><input size=\"40\" maxlength=\"400\" class=\"wpcf7-form-control wpcf7-text\" aria-invalid=\"false\" value=\"\" type=\"text\" name=\"company\" \/><\/span>\n<\/p>\n<p><label>First and Last Name *<\/label><br \/>\n<span class=\"wpcf7-form-control-wrap\" data-name=\"your-name\"><input size=\"40\" maxlength=\"400\" class=\"wpcf7-form-control wpcf7-text wpcf7-validates-as-required\" aria-required=\"true\" aria-invalid=\"false\" value=\"\" type=\"text\" name=\"your-name\" \/><\/span>\n<\/p>\n<p><label>Phone *<\/label><br \/>\n<span class=\"wpcf7-form-control-wrap\" data-name=\"telefon\"><input size=\"40\" maxlength=\"400\" class=\"wpcf7-form-control wpcf7-text wpcf7-validates-as-required\" aria-required=\"true\" aria-invalid=\"false\" value=\"\" type=\"text\" name=\"telefon\" \/><\/span>\n<\/p>\n<p><label>E-mail address *<\/label><br \/>\n<span class=\"wpcf7-form-control-wrap\" data-name=\"your-email\"><input size=\"40\" maxlength=\"400\" class=\"wpcf7-form-control wpcf7-email wpcf7-validates-as-required wpcf7-text wpcf7-validates-as-email\" aria-required=\"true\" aria-invalid=\"false\" value=\"\" type=\"email\" name=\"your-email\" \/><\/span>\n<\/p>\n<p><label>Message *<\/label><br \/>\n<span class=\"wpcf7-form-control-wrap\" data-name=\"your-message\"><textarea cols=\"40\" rows=\"10\" maxlength=\"2000\" class=\"wpcf7-form-control wpcf7-textarea\" aria-invalid=\"false\" name=\"your-message\"><\/textarea><\/span>\n<\/p>\n<p><input class=\"wpcf7-form-control wpcf7-submit has-spinner button\" type=\"submit\" value=\"Submit\" \/>\n<\/p><div class=\"wpcf7-response-output\" aria-hidden=\"true\"><\/div>\n<\/form>\n<\/div>\n\n\t\t<\/div>\n\t\t\t\t\t<\/div>\n\n\t\n<\/div>\n\t\t<\/div>\n\n\t\t\n<style>\n#section_498539429 {\n  padding-top: 60px;\n  padding-bottom: 60px;\n  min-height: 300px;\n  background-color: rgb(255,255,255);\n}\n<\/style>\n\t<\/section>\n\t\n<\/p>\n<\/p>","protected":false},"excerpt":{"rendered":"","protected":false},"author":1,"featured_media":0,"parent":0,"menu_order":0,"comment_status":"closed","ping_status":"open","template":"page-blank.php","meta":{"footnotes":""},"_links":{"self":[{"href":"https:\/\/schutzmasken.ch\/en\/wp-json\/wp\/v2\/pages\/2297"}],"collection":[{"href":"https:\/\/schutzmasken.ch\/en\/wp-json\/wp\/v2\/pages"}],"about":[{"href":"https:\/\/schutzmasken.ch\/en\/wp-json\/wp\/v2\/types\/page"}],"author":[{"embeddable":true,"href":"https:\/\/schutzmasken.ch\/en\/wp-json\/wp\/v2\/users\/1"}],"replies":[{"embeddable":true,"href":"https:\/\/schutzmasken.ch\/en\/wp-json\/wp\/v2\/comments?post=2297"}],"version-history":[{"count":0,"href":"https:\/\/schutzmasken.ch\/en\/wp-json\/wp\/v2\/pages\/2297\/revisions"}],"wp:attachment":[{"href":"https:\/\/schutzmasken.ch\/en\/wp-json\/wp\/v2\/media?parent=2297"}],"curies":[{"name":"wp","href":"https:\/\/api.w.org\/{rel}","templated":true}]}}