{"id":14290,"date":"2022-01-03T15:52:40","date_gmt":"2022-01-03T14:52:40","guid":{"rendered":"https:\/\/schutzmasken.ch\/?page_id=14290"},"modified":"2022-01-08T18:46:45","modified_gmt":"2022-01-08T17:46:45","slug":"masques-protection-pour-enfants","status":"publish","type":"page","link":"https:\/\/schutzmasken.ch\/fr\/masques-protection-pour-enfants\/","title":{"rendered":"Masques de protection Type 2R pour les enfants"},"content":{"rendered":"<h1>Masques de protection respiratoire TYPE IIR pour enfants<\/h1>\n<div class=\"slider-wrapper relative\" id=\"slider-161492413\" >\n    <div class=\"slider slider-nav-circle slider-nav-large slider-nav-light slider-style-normal\"\n        data-flickity-options='{\n            \"cellAlign\": \"center\",\n            \"imagesLoaded\": true,\n            \"lazyLoad\": 1,\n            \"freeScroll\": false,\n            \"wrapAround\": true,\n            \"autoPlay\": 6000,\n            \"pauseAutoPlayOnHover\" : true,\n            \"prevNextButtons\": true,\n            \"contain\" : true,\n            \"adaptiveHeight\" : true,\n            \"dragThreshold\" : 10,\n            \"percentPosition\": true,\n            \"pageDots\": true,\n            \"rightToLeft\": false,\n            \"draggable\": true,\n            \"selectedAttraction\": 0.1,\n            \"parallax\" : 0,\n            \"friction\": 0.6        }'\n        >\n        \n\t<div class=\"img has-hover x md-x lg-x y md-y lg-y\" id=\"image_478659446\">\n\t\t\t\t\t\t\t\t<div class=\"img-inner dark\" >\n\t\t\t<img loading=\"lazy\" decoding=\"async\" width=\"1020\" height=\"421\" src=\"https:\/\/schutzmasken.ch\/wp-content\/uploads\/2022\/01\/header_Kindermasken-1400x578.jpg\" class=\"attachment-large size-large\" alt=\"\" srcset=\"https:\/\/schutzmasken.ch\/wp-content\/uploads\/2022\/01\/header_Kindermasken-1400x578.jpg 1400w, https:\/\/schutzmasken.ch\/wp-content\/uploads\/2022\/01\/header_Kindermasken-800x330.jpg 800w, https:\/\/schutzmasken.ch\/wp-content\/uploads\/2022\/01\/header_Kindermasken.jpg 1453w\" sizes=\"(max-width: 1020px) 100vw, 1020px\" \/>\t\t\t\t\t\t\n\t\t\t\t\t<\/div>\n\t\t\t\t\t\t\t\t\n<style>\n#image_478659446 {\n  width: 100%;\n}\n<\/style>\n\t<\/div>\n\t\n\t<div class=\"img has-hover x md-x lg-x y md-y lg-y\" id=\"image_739807538\">\n\t\t\t\t\t\t\t\t<div class=\"img-inner dark\" >\n\t\t\t<img loading=\"lazy\" decoding=\"async\" width=\"1000\" height=\"380\" src=\"https:\/\/schutzmasken.ch\/wp-content\/uploads\/2022\/01\/nl_121021_maske.jpg\" class=\"attachment-large size-large\" alt=\"\" srcset=\"https:\/\/schutzmasken.ch\/wp-content\/uploads\/2022\/01\/nl_121021_maske.jpg 1000w, https:\/\/schutzmasken.ch\/wp-content\/uploads\/2022\/01\/nl_121021_maske-800x304.jpg 800w\" sizes=\"(max-width: 1000px) 100vw, 1000px\" \/>\t\t\t\t\t\t\n\t\t\t\t\t<\/div>\n\t\t\t\t\t\t\t\t\n<style>\n#image_739807538 {\n  width: 100%;\n}\n<\/style>\n\t<\/div>\n\t\n     <\/div>\n\n     <div class=\"loading-spin dark large centered\"><\/div>\n\n\t<\/div>\n\n\n<div class=\"row\"  id=\"row-117245557\">\n<h2 class=\"uppercase\" data-padding=\"20px\"><strong>Offres exclusives pour les clients professionnels fran\u00e7ais<\/strong><\/h2>\n<hr \/>\n\n\t<div id=\"col-1952392650\" class=\"col medium-4 small-12 large-4\"  >\n\t\t\t\t<div class=\"col-inner\"  >\n\t\t\t\n\t\t\t\n<h2><strong>Masques de protections pour enfants bleu:<\/strong><\/h2>\n\t<div class=\"img has-hover x md-x lg-x y md-y lg-y\" id=\"image_374627788\">\n\t\t\t\t\t\t\t\t<div class=\"img-inner dark\" >\n\t\t\t<img loading=\"lazy\" decoding=\"async\" width=\"960\" height=\"800\" src=\"https:\/\/schutzmasken.ch\/wp-content\/uploads\/2022\/01\/FR-KinderTypIIR-blue_small-960x800.jpg\" class=\"attachment-large size-large\" alt=\"\" srcset=\"https:\/\/schutzmasken.ch\/wp-content\/uploads\/2022\/01\/FR-KinderTypIIR-blue_small-960x800.jpg 960w, https:\/\/schutzmasken.ch\/wp-content\/uploads\/2022\/01\/FR-KinderTypIIR-blue_small-480x400.jpg 480w, https:\/\/schutzmasken.ch\/wp-content\/uploads\/2022\/01\/FR-KinderTypIIR-blue_small.jpg 1140w\" sizes=\"(max-width: 960px) 100vw, 960px\" \/>\t\t\t\t\t\t\n\t\t\t\t\t<\/div>\n\t\t\t\t\t\t\t\t\n<style>\n#image_374627788 {\n  width: 100%;\n}\n<\/style>\n\t<\/div>\n\t\n<div class=\"\">\n<table>\n<tbody>\n<tr>\n<th style=\"font-size: 12px; text-align: left;\">&lt; 100&rsquo;000<\/th>\n<th style=\"color: green; font-size: 20px; text-align: left;\"><b>0.10 \u20ac \/ masque <\/b><\/th>\n<\/tr>\n<\/tbody>\n<\/table>\n<table>\n<tbody>\n<tr>\n<th style=\"font-size: 12px; text-align: left;\">&lt; 500&rsquo;000<\/th>\n<th style=\"color: green; font-size: 20px; text-align: left;\"><b>0.07 \u20ac \/ masque <\/b><\/th>\n<\/tr>\n<\/tbody>\n<\/table>\n<\/div>\n<div>\n<ul>\n<li>Ce masque de protection pour prot\u00e9ger le visage<\/li>\n<li>tr\u00e8s confortable<\/li>\n<li>La partie dot\u00e9e de 3 plis<\/li>\n<li>masque hygi\u00e9nique de forme rectangulaire<\/li>\n<li>Il se fixe derri\u00e8re les oreilles par des \u00e9lastiques<\/li>\n<li>Il mesure env.145 x 90 mm<\/li>\n<\/ul>\n<p><strong>Les prix pour les masques de protection:<\/strong><\/p>\n<p style=\"font-size: 16px;\"><strong>\u00e0 partir de 100K | 0.10\u20ac par pi\u00e8ces<\/strong><br \/>\n<strong>\u00e0 partir de 500K | 0.07\u20ac par pi\u00e8ces<\/strong><\/p>\n<p><a href=\"https:\/\/www.bag.admin.ch\/bag\/de\/home\/krankheiten\/ausbrueche-epidemien-pandemien\/aktuelle-ausbrueche-epidemien\/novel-cov\/information-fuer-die-aerzteschaft\/schutzmassnahmen.html\" target=\"_blank\" rel=\"noopener\">Vers les recommandations de l\u2019OFSP<\/a><\/p>\n<\/div>\n<div><strong><span style=\"font-size: 20.15999984741211px;\">Masques hygi\u00e9niques, bleus, 50 unit\u00e9s<\/span><\/strong><\/div>\n<div><\/div>\n<div>\n<ul>\n<li>Distributeur de 50 masques hygi\u00e9niques<\/li>\n<li>Elastiques \u00e0 passer derri\u00e8re les oreilles et pince nasale ajustable<\/li>\n<li>Taille unique: env.145 x 90 mm<\/li>\n<li>Masque triple \u00e9paisseur conforme \u00e0 la norme de qualit\u00e9 EN 14683:2019+AC:2019<\/li>\n<li>El\u00e9ment du concept d\u2019hygi\u00e8ne<\/li>\n<li>Agr\u00e9able \u00e0 porter et sans odeur<\/li>\n<li>Sans produit m\u00e9dical au sens de la loi sur les produits th\u00e9rapeutiques<\/li>\n<\/ul>\n<p><strong data-redactor-tag=\"strong\"><a href=\"https:\/\/schutzmasken.ch\/schutzmasken-faq\/\">Livraison depuis notre entrep\u00f4t en Suisse<\/a> <\/strong>(dans la limite des stocks disponibles)<\/p>\n<\/div>\n<a href=\"mailto:info@schutzmasken.ch\" class=\"button primary\"  style=\"border-radius:53px;\">\n\t\t<span>Envoyer une demande<\/span>\n\t<\/a>\n\n\t\t<\/div>\n\t\t\t\t\t<\/div>\n\n\t\n\n\t<div id=\"col-86409416\" class=\"col medium-4 small-12 large-4\"  >\n\t\t\t\t<div class=\"col-inner\"  >\n\t\t\t\n\t\t\t\n<h2><strong>Masques de protections pour enfants noir:<\/strong><\/h2>\n\t<div class=\"img has-hover x md-x lg-x y md-y lg-y\" id=\"image_1418828035\">\n\t\t\t\t\t\t\t\t<div class=\"img-inner dark\" >\n\t\t\t<img loading=\"lazy\" decoding=\"async\" width=\"960\" height=\"800\" src=\"https:\/\/schutzmasken.ch\/wp-content\/uploads\/2022\/01\/FR-KinderTypIIR-black_small-960x800.jpg\" class=\"attachment-large size-large\" alt=\"\" srcset=\"https:\/\/schutzmasken.ch\/wp-content\/uploads\/2022\/01\/FR-KinderTypIIR-black_small-960x800.jpg 960w, https:\/\/schutzmasken.ch\/wp-content\/uploads\/2022\/01\/FR-KinderTypIIR-black_small-480x400.jpg 480w, https:\/\/schutzmasken.ch\/wp-content\/uploads\/2022\/01\/FR-KinderTypIIR-black_small.jpg 1200w\" sizes=\"(max-width: 960px) 100vw, 960px\" \/>\t\t\t\t\t\t\n\t\t\t\t\t<\/div>\n\t\t\t\t\t\t\t\t\n<style>\n#image_1418828035 {\n  width: 100%;\n}\n<\/style>\n\t<\/div>\n\t\n<div>\n<table>\n<tbody>\n<tr>\n<th style=\"font-size: 12px; text-align: left;\">&lt; 100&rsquo;000<\/th>\n<th style=\"color: green; font-size: 20px; text-align: left;\"><b>0.12 \u20ac \/ masque <\/b><\/th>\n<\/tr>\n<\/tbody>\n<\/table>\n<table>\n<tbody>\n<tr>\n<th style=\"font-size: 12px; text-align: left;\">&lt; 500&rsquo;000<\/th>\n<th style=\"color: green; font-size: 20px; text-align: left;\"><b>0.09 \u20ac \/ masque <\/b><\/th>\n<\/tr>\n<\/tbody>\n<\/table>\n<ul>\n<li>Ce masque de protection pour prot\u00e9ger le visage<\/li>\n<li>tr\u00e8s confortable<\/li>\n<li>La partie dot\u00e9e de 3 plis<\/li>\n<li>masque hygi\u00e9nique de forme rectangulaire<\/li>\n<li>Il se fixe derri\u00e8re les oreilles par des \u00e9lastiques<\/li>\n<li>Il mesure env.145 x 90 mm<\/li>\n<\/ul>\n<p><strong>Les prix pour les masques de protection:<\/strong><\/p>\n<p style=\"font-size: 16px;\"><strong>\u00e0 partir de 100K | 0.12\u20ac par pi\u00e8ces<\/strong><br \/>\n<strong>\u00e0 partir de 500K | 0.09\u20ac par pi\u00e8ces<\/strong><\/p>\n<p><a href=\"https:\/\/www.bag.admin.ch\/bag\/de\/home\/krankheiten\/ausbrueche-epidemien-pandemien\/aktuelle-ausbrueche-epidemien\/novel-cov\/information-fuer-die-aerzteschaft\/schutzmassnahmen.html\" target=\"_blank\" rel=\"noopener\">Vers les recommandations de l\u2019OFSP<\/a><\/p>\n<\/div>\n<div><strong><span style=\"font-size: 20.15999984741211px;\">Masques hygi\u00e9niques, noir, 50 unit\u00e9s<\/span><\/strong><\/div>\n<div><\/div>\n<div>\n<ul>\n<li>Distributeur de 50 masques hygi\u00e9niques<\/li>\n<li>Elastiques \u00e0 passer derri\u00e8re les oreilles et pince nasale ajustable<\/li>\n<li>Taille unique: env. 145 x 90 mm<\/li>\n<li>Masque triple \u00e9paisseur conforme \u00e0 la norme de qualit\u00e9 EN 14683:2019+AC:2019<\/li>\n<li>El\u00e9ment du concept d\u2019hygi\u00e8ne<\/li>\n<li>Agr\u00e9able \u00e0 porter et sans odeur<\/li>\n<li>Sans produit m\u00e9dical au sens de la loi sur les produits th\u00e9rapeutiques<\/li>\n<\/ul>\n<p><strong data-redactor-tag=\"strong\">Livraison depuis notre entrep\u00f4t en Suisse <\/strong>(dans la limite des stocks disponibles)<\/p>\n<\/div>\n<a href=\"mailto:info@schutzmasken.ch\" class=\"button primary\"  style=\"border-radius:53px;\">\n\t\t<span>Envoyer une demande<\/span>\n\t<\/a>\n\n\t\t<\/div>\n\t\t\t\t\t<\/div>\n\n\t\n\n\t<div id=\"col-888996464\" class=\"col medium-4 small-12 large-4\"  >\n\t\t\t\t<div class=\"col-inner\"  >\n\t\t\t\n\t\t\t\n<h2><strong>Masques de protections pour enfants pink:<\/strong><\/h2>\n\t<div class=\"img has-hover x md-x lg-x y md-y lg-y\" id=\"image_1314273918\">\n\t\t\t\t\t\t\t\t<div class=\"img-inner dark\" >\n\t\t\t<img loading=\"lazy\" decoding=\"async\" width=\"960\" height=\"800\" src=\"https:\/\/schutzmasken.ch\/wp-content\/uploads\/2022\/01\/FR-KinderTypIIR-pink_small-960x800.jpg\" class=\"attachment-large size-large\" alt=\"\" srcset=\"https:\/\/schutzmasken.ch\/wp-content\/uploads\/2022\/01\/FR-KinderTypIIR-pink_small-960x800.jpg 960w, https:\/\/schutzmasken.ch\/wp-content\/uploads\/2022\/01\/FR-KinderTypIIR-pink_small-480x400.jpg 480w, https:\/\/schutzmasken.ch\/wp-content\/uploads\/2022\/01\/FR-KinderTypIIR-pink_small.jpg 1140w\" sizes=\"(max-width: 960px) 100vw, 960px\" \/>\t\t\t\t\t\t\n\t\t\t\t\t<\/div>\n\t\t\t\t\t\t\t\t\n<style>\n#image_1314273918 {\n  width: 100%;\n}\n<\/style>\n\t<\/div>\n\t\n<div>\n<table>\n<tbody>\n<tr>\n<th style=\"font-size: 12px; text-align: left;\">&lt; 100&rsquo;000<\/th>\n<th style=\"color: green; font-size: 20px; text-align: left;\"><b>0.12 \u20ac \/ masque <\/b><\/th>\n<\/tr>\n<\/tbody>\n<\/table>\n<table>\n<tbody>\n<tr>\n<th style=\"font-size: 12px; text-align: left;\">&lt; 500&rsquo;000<\/th>\n<th style=\"color: green; font-size: 20px; text-align: left;\"><b>0.09 \u20ac \/ masque <\/b><\/th>\n<\/tr>\n<\/tbody>\n<\/table>\n<ul>\n<li>Ce masque de protection pour prot\u00e9ger le visage<\/li>\n<li>tr\u00e8s confortable<\/li>\n<li>La partie dot\u00e9e de 3 plis<\/li>\n<li>masque hygi\u00e9nique de forme rectangulaire<\/li>\n<li>Il se fixe derri\u00e8re les oreilles par des \u00e9lastiques<\/li>\n<li>Il mesure env. 145 x 90 mm<\/li>\n<\/ul>\n<p><strong>Les prix pour les masques de protection:<\/strong><\/p>\n<p style=\"font-size: 16px;\"><strong>\u00e0 partir de 100K | 0.12\u20ac par pi\u00e8ces<\/strong><br \/>\n<strong>\u00e0 partir de 500K | 0.09\u20ac par pi\u00e8ces<\/strong><\/p>\n<p><a href=\"https:\/\/www.bag.admin.ch\/bag\/de\/home\/krankheiten\/ausbrueche-epidemien-pandemien\/aktuelle-ausbrueche-epidemien\/novel-cov\/information-fuer-die-aerzteschaft\/schutzmassnahmen.html\" target=\"_blank\" rel=\"noopener\">Vers les recommandations de l\u2019OFSP<\/a><\/p>\n<\/div>\n<div><strong><span style=\"font-size: 20.15999984741211px;\">Masques hygi\u00e9niques, pink, 50 unit\u00e9s<\/span><\/strong><\/div>\n<div><\/div>\n<div>\n<ul>\n<li>Distributeur de 50 masques hygi\u00e9niques<\/li>\n<li>Elastiques \u00e0 passer derri\u00e8re les oreilles et pince nasale ajustable<\/li>\n<li>Taille unique: env. 145 x 90 mm<\/li>\n<li>Masque triple \u00e9paisseur conforme \u00e0 la norme de qualit\u00e9 EN 14683:2019+AC:2019<\/li>\n<li>El\u00e9ment du concept d\u2019hygi\u00e8ne<\/li>\n<li>Agr\u00e9able \u00e0 porter et sans odeur<\/li>\n<li>Sans produit m\u00e9dical au sens de la loi sur les produits th\u00e9rapeutiques<\/li>\n<\/ul>\n<p><strong data-redactor-tag=\"strong\">Livraison depuis notre entrep\u00f4t en Suisse <\/strong>(dans la limite des stocks disponibles)<\/p>\n<\/div>\n<a href=\"mailto:info@schutzmasken.ch\" class=\"button primary\"  style=\"border-radius:53px;\">\n\t\t<span>Envoyer une demande<\/span>\n\t<\/a>\n\n\t\t<\/div>\n\t\t\t\t\t<\/div>\n\n\t\n<\/div>","protected":false},"excerpt":{"rendered":"<p>Masques de protection respiratoire TYPE IIR pour enfants<\/p>\n","protected":false},"author":1,"featured_media":14396,"parent":0,"menu_order":0,"comment_status":"closed","ping_status":"closed","template":"","meta":{"footnotes":""},"_links":{"self":[{"href":"https:\/\/schutzmasken.ch\/fr\/wp-json\/wp\/v2\/pages\/14290"}],"collection":[{"href":"https:\/\/schutzmasken.ch\/fr\/wp-json\/wp\/v2\/pages"}],"about":[{"href":"https:\/\/schutzmasken.ch\/fr\/wp-json\/wp\/v2\/types\/page"}],"author":[{"embeddable":true,"href":"https:\/\/schutzmasken.ch\/fr\/wp-json\/wp\/v2\/users\/1"}],"replies":[{"embeddable":true,"href":"https:\/\/schutzmasken.ch\/fr\/wp-json\/wp\/v2\/comments?post=14290"}],"version-history":[{"count":0,"href":"https:\/\/schutzmasken.ch\/fr\/wp-json\/wp\/v2\/pages\/14290\/revisions"}],"wp:featuredmedia":[{"embeddable":true,"href":"https:\/\/schutzmasken.ch\/fr\/wp-json\/wp\/v2\/media\/14396"}],"wp:attachment":[{"href":"https:\/\/schutzmasken.ch\/fr\/wp-json\/wp\/v2\/media?parent=14290"}],"curies":[{"name":"wp","href":"https:\/\/api.w.org\/{rel}","templated":true}]}}