{"id":1944,"date":"2020-08-29T01:49:10","date_gmt":"2020-08-28T23:49:10","guid":{"rendered":"https:\/\/schutzmasken.ch\/?page_id=1944"},"modified":"2021-04-02T13:05:03","modified_gmt":"2021-04-02T11:05:03","slug":"agb","status":"publish","type":"page","link":"https:\/\/schutzmasken.ch\/fr\/agb\/","title":{"rendered":"Terms"},"content":{"rendered":"<strong>1. Vertragsgegenstand<\/strong><\/p>\n<p>monsen GmbH verkauft den Gesch\u00e4fts-\/Privatkunden (nachfolgend \u201eKunde\u201c genannt) die im Printkatalog, im Online Shop oder in schriftlichen Angeboten spezifizierten Waren zu den nachstehend aufgef\u00fchrten Liefer- und Verkaufsbedingungen (AGB).<\/p>\n<p><strong>2. Vertragsabschluss<\/strong><\/p>\n<p>Der Vertrag zwischen dem Kunden und monsen GmbH kommt erst durch einen Auftrag des Kunden und Auftragsannahme der monsen GmbH zustande. Der Auftrag des Kunden erfolgt per Telefon, schriftlich oder via Internet. Der Kunde erh\u00e4lt von der monsen GmbH eine automatisch generierte Bestellbest\u00e4tigung. Der Erhalt der Bestellbest\u00e4tigung enth\u00e4lt keine Zusage, dass das Produkt auch tats\u00e4chlich erh\u00e4ltlich ist bzw. geliefert werden kann. Sie zeigt dem Kunden lediglich an, dass die Bestellung bei monsen GmbH eingetroffen ist. monsen GmbH nimmt den Auftrag an, indem sie dem Kunden (a) eine Auftragsbest\u00e4tigung (per Fax, E-Mail oder Briefpost) \u00fcbermittelt oder (b) die bestellte Ware liefert (inkl. Lieferschein). Angeforderte Vorauskasse oder Kreditkartenzahlung begr\u00fcndet nicht automatisch die Auftragsannahme durch die monsen GmbH.<\/p>\n<p><strong>3. Produktangebot<\/strong><\/p>\n<p>S\u00e4mtliche Angaben zu den Waren, die der Kunde im Rahmen des Bestellvorganges erh\u00e4lt, sind unverbindlich. Insbesondere sind \u00c4nderungen in Design und Technik, welche die Funktionalit\u00e4t einer Ware verbessern, sowie Irrtum bei Beschreibung, Abbildung und Preisangabe vorbehalten. Alle technischen Informationen zu den einzelnen Waren beruhen auf den Angaben der Hersteller und sind in diesem Rahmen verbindlich.<\/p>\n<p>monsen GmbH legt grossen Wert darauf, die Verf\u00fcgbarkeitsanzeige sorgf\u00e4ltig zu pflegen und so korrekt wie m\u00f6glich auszuweisen. Alle Angaben sind jedoch ohne Gew\u00e4hr und k\u00f6nnen sich ohne vorherige Ank\u00fcndigung jederzeit \u00e4ndern.<\/p>\n<p><strong>4. Zahlungsbedingungen<\/strong><\/p>\n<p>S\u00e4mtliche Preisangaben sind unverbindlich und werden laufend dem Markt angepasst. Sie verstehen sich in Schweizer Franken (CHF), inklusive Mehrwertsteuer, unverpackt. Bei Bestellungen unter CHF 1000.- wird der Versand verrechnet (genauer Betrag im Onlineshop-Checkout ersichtlich). Grossmengenlieferungen, Projekte, Express- und Speziallieferungen werden gesondert betrachtet. Die Zahlung hat netto sofort nach Erhalt der Ware zu erfolgen, soweit nicht anders vereinbart. Im Falle der Nichteinhaltung dieser Zahlungsfrist ist die monsen GmbH berechtigt, eine Umtriebsentsch\u00e4digung von CHF 20.- zu verlangen. Wird eine Rechnung innerhalb der Frist nicht bezahlt, befindet sich der Kunde ohne Mahnung in Verzug. Neukunden k\u00f6nnen per Kreditkarte oder Vorauskasse einkaufen. Die monsen GmbH beh\u00e4lt sich das Recht vor, auch bestehende Kunden nur mittels Kreditkarte oder Vorauskasse zu beliefern. Die monsen GmbH erhebt bei Kreditkarte keine Geb\u00fchren. Da die Transaktionen \u00fcber einen internationalen Acquirer laufen k\u00f6nnen, k\u00f6nnen jedoch Geb\u00fchren durch ihren Kreditkartenherausgeber belastet werden.<\/p>\n<div><strong data-redactor-tag=\"strong\">5. Kauf auf Rechnung mit Teilzahlungsoption (POWERPAY)<\/strong><\/div>\n<div>MF Group \/ POWERPAY bietet als externer Zahlungsdienstleister die Zahlungsart \u201cKauf auf Rechnung\u201d an. Mit der Einzelrechnung k\u00f6nnen Sie Ihren Onlineeinkauf einfach per Rechnung begleichen. Sollten Sie auf eine Zahlung im vorgegebenen Zeitrahmen verzichten, erhalten Sie nachtr\u00e4glich im Folgemonat eine Monatsrechnung mit Bestell\u00fcbersicht.<\/div>\n<p>Beim Abschluss des Kaufvertrags \u00fcbernimmt POWERPAY die entstandene Rechnungsforderung und wickelt die entsprechenden Zahlungsmodalit\u00e4ten ab. Bei Kauf auf Rechnung akzeptieren Sie zus\u00e4tzlich zu unseren AGB, die<span> <\/span><a href=\"https:\/\/www.powerpay.ch\/de\/agb\" target=\"_blank\" rel=\"noopener noreferrer\">AGB<\/a><span> <\/span>von POWERPAY. (<a href=\"https:\/\/www.powerpay.ch\/de\/agb\">powerpay.ch\/de\/agb<\/a>).<\/p>\n<p><strong>6. Lieferbedingungen<\/strong><\/p>\n<p>Die bestellten Produkte k\u00f6nnen garantiert nur an eine Adresse in der Schweiz und Liechtenstein versandt werden, Lieferungen ins Ausland sind von der jeweiligen Gesetzeslage im betreffenden Land abh\u00e4ngig. Soweit an Lager, werden die Produkte sofort an die vom Kunden angegebene Adresse geliefert. Andernfalls erfolgt eine schriftliche Auftragsbest\u00e4tigung mit dem voraussichtlichen Liefertermin. Die Schadensregulierung erfolgt bei \u00e4usserlich sichtbarer Besch\u00e4digung der bestellten Ware nur gegen eine Bescheinigung des jeweiligen Frachtf\u00fchrers. Sollte ein bestelltes Produkt im Lieferzeitpunkt nicht mehr verf\u00fcgbar sein, beh\u00e4lt sich monsen GmbH den Austausch des Produktes gegen ein gleichwertiges Produkt ausdr\u00fccklich vor. Die Lieferung kann zudem g\u00e4nzlich verunm\u00f6glicht werden, wenn ein Produkt nicht mehr hergestellt oder geliefert werden kann. In diesem Fall tritt eine Lieferunm\u00f6glichkeit ein, welches die sofortige Vertragsaufl\u00f6sung zur Folge hat.<\/p>\n<p>Die von monsen GmbH angegebenen Liefertermine beruhen auf einer richtigen und termingerechten Belieferung durch die Lieferanten und Hersteller und erfolgen deshalb ohne Gew\u00e4hr. Die monsen GmbH kann nicht haftbar gemacht werden f\u00fcr Folgesch\u00e4den die aus falscher oder versp\u00e4teter Lieferung entstanden sind.<\/p>\n<p><strong>7. Eigentumsvorbehalt<\/strong><\/p>\n<p>Die gelieferten Waren bleiben bis zur vollst\u00e4ndigen Bezahlung Eigentum der monsen GmbH. Diese ist berechtigt, einen entsprechenden Eintrag im Eigentumsvorbehaltsregister vorzunehmen. Falls der Kunde mit der Bezahlung des Kaufpreises in Verzug ger\u00e4t, ist monsen GmbH berechtigt, vom Vertrag zur\u00fcckzutreten (R\u00fccktrittserkl\u00e4rung) und die Ware in ihren Besitz zu nehmen.<\/p>\n<p><strong>8. R\u00fcckgaberecht<\/strong><\/p>\n<p>monsen GmbH bietet ein R\u00fcckgaberecht unter Ber\u00fccksichtigung der folgenden Bedingungen an: Es gilt eine R\u00fcckgabefrist von 14 Tagen, die mit dem Eingang der Ware beim K\u00e4ufer beginnt. Die Ware muss in unge\u00f6ffneter und einwandfreier Originalverpackung (unbesch\u00e4digt, frei von Beschriftung, unverklebt) retourniert werden. Wenden Sie sich f\u00fcr eine R\u00fcckgabe an info@schutzmasken.ch. Bei einem positiven R\u00fccknahmeentscheid erhalten Sie eine Retouren-Autorisierungsnummer. Der Erhalt der Autorisierungsnummer ist keine Zusicherung f\u00fcr eine R\u00fccknahme. Die R\u00fccksendung zu monsen GmbH hat innert 7 Tagen nach Erhalt der Autorisierungsnummer zu erfolgen. Die Kosten f\u00fcr die R\u00fccklieferung gehen zu Lasten des K\u00e4ufers. Bei Nichterf\u00fcllung dieser Bedingungen kann monsen GmbH eine R\u00fccknahme verweigern. Allf\u00e4llige Aufw\u00e4nde aus einer nicht ordnungsgem\u00e4ssen R\u00fccksendung k\u00f6nnen dem K\u00e4ufer in Rechnung gestellt werden. Hat der K\u00e4ufer die Ware fristgerecht und ordnungsgem\u00e4ss retourniert, erh\u00e4lt er von monsen GmbH eine Gutschrift.<\/p>\n<p>F\u00fcr Artikel, die beim Bestellzeitpunkt nicht lagernd sind und beim Lieferanten bestellt werden m\u00fcssen, gilt kein generelles R\u00fcckgaberecht, auch wenn die oben genannten Kriterien erf\u00fcllt sind. monsen GmbH kann bei diesen Artikeln die R\u00fccknahme verweigern, wenn eine R\u00fccksendung an den Lieferanten nicht m\u00f6glich ist.<\/p>\n<p>Vom R\u00fcckgaberecht ausgeschlossen sind bereits ge\u00f6ffnete Produkte (ausgenommen es liegt ein Mangel vor, ob ein Produkt M\u00e4ngel im Sinne der zu erf\u00fcllenden Funktion und Qualit\u00e4t hat, wird durch die monsen GmbH beurteilt) und Produkte, die auf Kundenwunsch speziell beschafft oder angefertigt wurden.<\/p>\n<p><strong>9. M\u00e4ngelgew\u00e4hrleistung und Haftung<\/strong><\/p>\n<p>F\u00fcr alle an Kunden verkaufte Produkte gelten die individuellen Gew\u00e4hrleistungs- und Garantiebestimmungen der jeweiligen Hersteller. Mangelhafte Produkte werden w\u00e4hrend der Gew\u00e4hrleistungs- oder Garantiefrist kostenlos ersetzt. Ist ein Produkt nicht mehr ersetzbar, wird es durch ein gleichwertiges Nachfolgeprodukt ausgetauscht oder es wird daf\u00fcr eine Gutschrift, maximal zum bezahlten Kaufpreis, erstellt. Der Gew\u00e4hrleistungs- oder Garantieentscheid wird in jedem Fall vom Hersteller getroffen. Die Gew\u00e4hrleistungen und Garantien beinhalten ausschliesslich Material- und\/oder Herstellungsfehler. Soweit es die gesetzlichen Bestimmungen erlauben, ist die Schadensersatzhaftung ausgeschlossen. Insbesondere haftet monsen GmbH nicht f\u00fcr Sch\u00e4den, die auf unsachgem\u00e4ssen Gebrauch zur\u00fcckzuf\u00fchren sind, oder f\u00fcr Sch\u00e4den, die nicht am Liefergegenstand selbst entstanden sind (Mangelfolgesch\u00e4den). Die Versandkosten gehen zu Lasten des jeweiligen Absenders.<\/p>\n<p><strong>10. Geistiges Eigentum<\/strong><\/p>\n<p>monsen GmbH beh\u00e4lt sich f\u00fcr jedes Design, jeden Text, jede Grafik auf ihrer Webseite alle Rechte vor. Das Kopieren oder Reproduktion, der gesamten Webseite bzw. von Teilen dieser Webseite wird nur zu dem Zweck gestattet, eine Bestellung bei monsen GmbH aufzugeben. Der Name monsen GmbH, alle Seitenkopfzeilen, Navigationsleisten, Grafiken und Schaltfl\u00e4chensymbole sind eingetragene Warenzeichen, Handelsmarken oder Schutzmarken von monsen GmbH. Alle anderen auf dieser Webseite zitierten Warenzeichen, Produktnamen oder Firmennamen bzw. \u2013 Logos sind das Alleineigentum der jeweiligen Berechtigten. An Abbildungen, Zeichnungen, Kalkulationen und sonstigen Unterlagen beh\u00e4lt sich monsen GmbH die Eigentums- und Urheberrechte vor. Vor ihrer Weitergabe an Dritte bedarf der Kunde der ausdr\u00fccklichen schriftlichen Zustimmung von monsen GmbH.<\/p>\n<p><strong>11. Gerichtsstand und anwendbares Recht<\/strong><\/p>\n<p>Die vorliegenden AGB und die Vertr\u00e4ge, die aufgrund dieser AGB geschlossen werden, unterliegen schweizerischem Recht unter Ausschluss des UN-Kaufrechts (CISG). Gerichtsstand ist Luzern. monsen GmbH beh\u00e4lt sich aber das Recht vor an dessen Stelle den Gerichtsstand am Sitz des Kunden zu bevorzugen.<\/p>\n<p><strong>12. Schlussbestimmungen<\/strong><\/p>\n<p>Beim Verkauf der im Printkatalog sowie im Online Shop der monsen GmbH spezifizierten Waren gelten ausschliesslich die AGB in ihrer zum Zeitpunkt des jeweiligen Vertragsabschlusses g\u00fcltigen Fassung. Diese Gesch\u00e4ftsbedingungen gelten insbesondere auch, wenn sie von denjenigen des Kunden differieren sollten. Sollten einzelne Bestimmungen dieser AGB unwirksam sein oder unwirksam werden, ber\u00fchrt das die Rechtswirksamkeit der \u00fcbrigen Bestimmungen nicht. Im \u00dcbrigen beh\u00e4lt sich monsen GmbH jederzeitige \u00c4nderungen dieser Allgemeinen Gesch\u00e4ftsbedingungen vor.","protected":false},"excerpt":{"rendered":"<p>1. Vertragsgegenstand monsen GmbH verkauft den Gesch\u00e4fts-\/Privatkunden (nachfolgend \u201eKunde\u201c genannt) die im Printkatalog, im Online Shop oder in schriftlichen Angeboten spezifizierten Waren zu den nachstehend aufgef\u00fchrten Liefer- und Verkaufsbedingungen (AGB). 2. Vertragsabschluss Der Vertrag zwischen dem Kunden und monsen GmbH kommt erst durch einen Auftrag des Kunden und Auftragsannahme der monsen GmbH zustande. Der Auftrag [&#8230;]\n","protected":false},"author":1,"featured_media":0,"parent":0,"menu_order":0,"comment_status":"closed","ping_status":"open","template":"page-blank-title-center.php","meta":{"footnotes":""},"_links":{"self":[{"href":"https:\/\/schutzmasken.ch\/fr\/wp-json\/wp\/v2\/pages\/1944"}],"collection":[{"href":"https:\/\/schutzmasken.ch\/fr\/wp-json\/wp\/v2\/pages"}],"about":[{"href":"https:\/\/schutzmasken.ch\/fr\/wp-json\/wp\/v2\/types\/page"}],"author":[{"embeddable":true,"href":"https:\/\/schutzmasken.ch\/fr\/wp-json\/wp\/v2\/users\/1"}],"replies":[{"embeddable":true,"href":"https:\/\/schutzmasken.ch\/fr\/wp-json\/wp\/v2\/comments?post=1944"}],"version-history":[{"count":0,"href":"https:\/\/schutzmasken.ch\/fr\/wp-json\/wp\/v2\/pages\/1944\/revisions"}],"wp:attachment":[{"href":"https:\/\/schutzmasken.ch\/fr\/wp-json\/wp\/v2\/media?parent=1944"}],"curies":[{"name":"wp","href":"https:\/\/api.w.org\/{rel}","templated":true}]}}