{"id":14426,"date":"2022-01-12T10:38:11","date_gmt":"2022-01-12T09:38:11","guid":{"rendered":"https:\/\/schutzmasken.ch\/?page_id=14426"},"modified":"2022-01-12T14:58:40","modified_gmt":"2022-01-12T13:58:40","slug":"corona-testzentrum-zuerich-city","status":"publish","type":"page","link":"https:\/\/schutzmasken.ch\/it\/corona-testzentrum-zuerich-city\/","title":{"rendered":"(Deutsch) Corona-Testzentrum Z\u00fcrich City"},"content":{"rendered":"<div id=\"page-header-437704419\" class=\"page-header-wrapper\">\n  <div class=\"page-title dark featured-title\">\n\n    \n    <div class=\"page-title-inner container align-center flex-row medium-flex-wrap\" >\n              <div class=\"title-wrapper flex-col text-left medium-text-center\">\n          <h1 class=\"entry-title mb-0\">\n            (Deutsch) Corona-Testzentrum Z\u00fcrich City          <\/h1>\n        <\/div>\n                    <div class=\"title-content flex-col flex-right text-right medium-text-center\">\n        <div class=\"title-breadcrumbs pb-half pt-half\"><\/div>      <\/div>\n    <\/div>\n\n       <\/div>\n    <\/div>\n  \n\n  <div class=\"banner has-hover\" id=\"banner-1874444806\">\n          <div class=\"banner-inner fill\">\n        <div class=\"banner-bg fill\" >\n            <img loading=\"lazy\" decoding=\"async\" width=\"1020\" height=\"383\" src=\"https:\/\/schutzmasken.ch\/wp-content\/uploads\/2022\/01\/bgrd_testcenter_covid19_schutzmasken-1400x525.jpg\" class=\"bg attachment-large size-large\" alt=\"\" \/>                                    \n                    <\/div>\n\t\t\n        <div class=\"banner-layers container\">\n            <div class=\"fill banner-link\"><\/div>            \n   <div id=\"text-box-426353021\" class=\"text-box banner-layer x50 md-x50 lg-x50 y50 md-y50 lg-y50 res-text\">\n                                <div class=\"text-box-content text dark\">\n              \n              <div class=\"text-inner text-center\">\n                  \n\t<div id=\"text-2018259156\" class=\"text\">\n\t\t\n<h2 class=\"uppercase\"><strong>Corona Testzentrum<br \/><\/strong><\/h2>\n<p><strong>Sie wollen sich auf das Coronavirus testen lassen?<\/strong><\/p>\n\t\t\n<style>\n#text-2018259156 {\n  color: rgb(0,0,0);\n}\n#text-2018259156 > * {\n  color: rgb(0,0,0);\n}\n<\/style>\n\t<\/div>\n\t\n              <\/div>\n           <\/div>\n                            \n<style>\n#text-box-426353021 {\n  width: 60%;\n}\n#text-box-426353021 .text-box-content {\n  font-size: 100%;\n}\n<\/style>\n    <\/div>\n \n        <\/div>\n      <\/div>\n\n            \n<style>\n#banner-1874444806 {\n  padding-top: 500px;\n}\n<\/style>\n  <\/div>\n\n\n<div class=\"row\"  id=\"row-493485156\">\n\n\t<div id=\"col-904776603\" class=\"col medium-4 small-12 large-4\"  >\n\t\t\t\t<div class=\"col-inner\"  >\n\t\t\t\n\t\t\t\n\t<div class=\"img has-hover x md-x lg-x y md-y lg-y\" id=\"image_1056034676\">\n\t\t\t\t\t\t\t\t<div class=\"img-inner dark\" >\n\t\t\t<img loading=\"lazy\" decoding=\"async\" width=\"600\" height=\"238\" src=\"https:\/\/schutzmasken.ch\/wp-content\/uploads\/2022\/01\/picture-covid-testing-schutzmasken-e1641976952358.jpg\" class=\"attachment-large size-large\" alt=\"\" \/>\t\t\t\t\t\t\n\t\t\t\t\t<\/div>\n\t\t\t\t\t\t\t\t\n<style>\n#image_1056034676 {\n  width: 100%;\n}\n<\/style>\n\t<\/div>\n\t\n<div class=\"is-divider divider clearfix\" ><\/div>\n<h2 class=\"uppercase\">Corona Test Ohne Voranmeldung:<\/h2>\n<h3 class=\"thin-font\">Suchen Sie ein Testzentrum bei dem Sie sich auch spontan und ohne Voranmeldung testen lassen k\u00f6nnen?\u00a0<\/h3>\n<p>Bei uns ist das m\u00f6glich. In unserem Testzentrum in der Z\u00fcrcher Innenstadt k\u00f6nnen Sie sich ganz einfach und <strong>ohne Voranmeldung auf COVID-19 testen lassen<\/strong>. Kommen Sie uns in der Talstrasse 25 besuchen.<\/p>\n<p>Wir haben f\u00fcr Sie von <strong>Montag bis Freitag zwischen 10:00 und 18:00 Uhr ge\u00f6ffnet<\/strong>.\u00a0<\/p>\n\t\t<\/div>\n\t\t\t\t\t<\/div>\n\n\t\n\n\t<div id=\"col-1180642509\" class=\"col medium-4 small-12 large-4\"  >\n\t\t\t\t<div class=\"col-inner\"  >\n\t\t\t\n\t\t\t\n\t<div class=\"img has-hover x md-x lg-x y md-y lg-y\" id=\"image_838826453\">\n\t\t\t\t\t\t\t\t<div class=\"img-inner dark\" >\n\t\t\t<img loading=\"lazy\" decoding=\"async\" width=\"600\" height=\"238\" src=\"https:\/\/schutzmasken.ch\/wp-content\/uploads\/2022\/01\/picture-covid-testing-schutzmasken-e1641976952358.jpg\" class=\"attachment-large size-large\" alt=\"\" \/>\t\t\t\t\t\t\n\t\t\t\t\t<\/div>\n\t\t\t\t\t\t\t\t\n<style>\n#image_838826453 {\n  width: 100%;\n}\n<\/style>\n\t<\/div>\n\t\n<div class=\"is-divider divider clearfix\" ><\/div>\n<h2 class=\"uppercase\">Warum sollten Sie sich Testen lassen:<\/h2>\n<h3 class=\"thin-font\">Antigen Test werden vollumf\u00e4nglich vom Bund \u00fcbernommen, da testen hilft Ansteckungen zu verhindern!<\/h3>\n<p>Die Schweiz hat im Moment sehr viele Ansteckungen mit dem Coronavirus und der Bund denkt \u00fcber Schliessungen der Wirtschaft nach. Damit man diese verhindern kann m\u00fcssen Ansteckungen erkannt werden und Kranke sich in Quarant\u00e4ne begeben. Auch deshalb <strong>\u00fcbernimmt der Bund die Kosten<\/strong> f\u00fcr alle Antigentest, um so m\u00f6glichst weitere Ansteckungen zu verhindern.\u00a0<\/p>\n\t\t<\/div>\n\t\t\t\t\t<\/div>\n\n\t\n\n\t<div id=\"col-882242100\" class=\"col medium-4 small-12 large-4\"  >\n\t\t\t\t<div class=\"col-inner\"  >\n\t\t\t\n\t\t\t\n\t<div class=\"img has-hover x md-x lg-x y md-y lg-y\" id=\"image_1863158503\">\n\t\t\t\t\t\t\t\t<div class=\"img-inner dark\" >\n\t\t\t<img loading=\"lazy\" decoding=\"async\" width=\"600\" height=\"238\" src=\"https:\/\/schutzmasken.ch\/wp-content\/uploads\/2022\/01\/picture-covid-testing-schutzmasken-e1641976952358.jpg\" class=\"attachment-large size-large\" alt=\"\" \/>\t\t\t\t\t\t\n\t\t\t\t\t<\/div>\n\t\t\t\t\t\t\t\t\n<style>\n#image_1863158503 {\n  width: 100%;\n}\n<\/style>\n\t<\/div>\n\t\n<div class=\"is-divider divider clearfix\" ><\/div>\n<h2 class=\"uppercase\">Welhalb bei uns testen lassen:<\/h2>\n<h3 class=\"thin-font\">Warum Sie sich bei uns testen lassen sollten ist eigentlich schnell erkl\u00e4rt: Wir sind schnell, zentral und unser Personal ist professionell.\u00a0<\/h3>\n<p>Unser <strong>COVID-19<\/strong> Testzentrum finden Sie im Herzen von Z\u00fcrich <strong>nur wenige Meter vom Paradeplatz<\/strong> entfernt. Wir f\u00fchren <strong>t\u00e4glich hunderte Schnelltests<\/strong> durch k\u00f6nnen so auf eine gewisse <strong>Routine und Erfahrung<\/strong> zur\u00fcckgreifen. Bei uns gibt es <strong>keine Voranmeldung<\/strong> und meistens auch keine Wartezeiten, dadurch arbeiten wir sehr <strong>schnell und effizient<\/strong>. Unser Personal ist bestens geschult und ausgebildet.\u00a0<\/p>\n\t\t<\/div>\n\t\t\t\t\t<\/div>\n\n\t\n<\/div>\n<div class=\"row\"  id=\"row-760082184\">\n\n\t<div id=\"col-1434707856\" class=\"col small-12 large-12\"  >\n\t\t\t\t<div class=\"col-inner\"  >\n\t\t\t\n\t\t\t\n<h2>Hier finden Sie uns:<\/h2>\n<div class=\"row\"  id=\"row-526091054\">\n\n\t<div id=\"col-784920053\" class=\"col medium-6 small-12 large-6\"  >\n\t\t\t\t<div class=\"col-inner\"  >\n\t\t\t\n\t\t\t\n\n\t<script type=\"text\/javascript\">\n  jQuery( document ).ready(function() {\n    function initialize() {\n        var styles = {\n            'flatsome':  [{\n            \"featureType\": \"administrative\",\n            \"stylers\": [\n              { \"visibility\": \"on\" }\n            ]\n          },\n          {\n            \"featureType\": \"road\",\n            \"stylers\": [\n              { \"visibility\": \"on\" },\n              { \"hue\": \"\" }\n            ]\n          },\n          {\n            \"stylers\": [\n\t\t\t  { \"visibility\": \"on\" },\n\t\t\t  { \"hue\": \"\" },\n\t\t\t  { \"saturation\": -30 }\n            ]\n          }\n        ]};\n\n        var myLatlng = new google.maps.LatLng(47.3685987, 8.53799);\n        var myOptions = {\n            zoom: 17,\n            center: myLatlng,\n            mapTypeId: google.maps.MapTypeId.ROADMAP,\n            disableDefaultUI: true,\n            mapTypeId: 'flatsome',\n            draggable: true,\n            zoomControl: false,\n            zoomControlOptions: {\n              position: google.maps.ControlPosition.TOP_LEFT\n            },\n      \t\t\tmapTypeControl: false,\n            mapTypeControlOptions: {\n              position: google.maps.ControlPosition.TOP_LEFT\n            },\n      \t\t\tstreetViewControl: false,\n            streetViewControlOptions: {\n              position: google.maps.ControlPosition.TOP_LEFT\n            },\n            scrollwheel: false,\n            disableDoubleClickZoom: true\n        }\n        var map = new google.maps.Map(document.getElementById(\"map-2814587785-inner\"), myOptions);\n        var styledMapType = new google.maps.StyledMapType(styles['flatsome'], {name: 'flatsome'});\n        map.mapTypes.set('flatsome', styledMapType);\n\n        var marker = new google.maps.Marker({\n            position: myLatlng,\n            map: map,\n            title:\"\"\n        });\n    }\n\n    \/\/ Required to proceed\n    if (!(typeof google === 'object' && typeof google.maps === 'object')) {\n      return\n    }\n\n    initialize()\n    google.maps.event.addDomListener(window, 'resize', initialize);\n    });\n    <\/script>\n\n    <div class=\"google-map relative mb\" id=\"map-2814587785\">\n        <div class=\"map-height\" id=\"map-2814587785-inner\"><\/div>\n        <div id=\"map_overlay_top\"><\/div>\n        <div id=\"map_overlay_bottom\"><\/div>\n                  <div class=\"map_inner map-inner last-reset absolute x100 md-x95 lg-x95 y100 md-y95 lg-y95\">\n              \n<p>Talstrasse 25<br \/>\n8001 Z\u00fcrich<\/p>\n         <\/div>\n       \n       \n<style>\n#map-2814587785 .map-inner {\n  background-color: #fff;\n  max-width: 100%;\n}\n#map-2814587785 .map-height {\n  height: 400px;\n}\n@media (min-width:550px) {\n  #map-2814587785 .map-inner {\n    max-width: 40%;\n  }\n}\n@media (min-width:850px) {\n  #map-2814587785 .map-inner {\n    max-width: 30%;\n  }\n}\n<\/style>\n    <\/div>\n\n\t\n\t\t<\/div>\n\t\t\t\t\t<\/div>\n\n\t\n\n\t<div id=\"col-396028459\" class=\"col medium-6 small-12 large-6\"  >\n\t\t\t\t<div class=\"col-inner\"  >\n\t\t\t\n\t\t\t\n<h3><strong>Unsere \u00d6ffnungszeiten<\/strong><\/h3>\n<p>\u00a0<\/p>\n<p><strong>Montag bis Freitag: <\/strong><\/p>\n<p>10:00 bis 18:00 Uhr<\/p>\n<p><strong>Samstag:<\/strong><\/p>\n<p>11:00 bis 16:00 Uhr<\/p>\n<p><strong>Sonntag:<\/strong><\/p>\n<p>Geschlossen<\/p>\n\t\t<\/div>\n\t\t\t\t\t<\/div>\n\n\t\n<\/div>\n\t\t<\/div>\n\t\t\t\t\t<\/div>\n\n\t\n<\/div>\n<div class=\"row\"  id=\"row-1889467541\">\n\n\t<div id=\"col-386655107\" class=\"col small-12 large-12\"  >\n\t\t\t\t<div class=\"col-inner\"  >\n\t\t\t\n\t\t\t\n<h2>Nehmen Sie mit uns Kontakt auf:<\/h2>\n<p><strong>Haben Sie eine Frage zu unserem Testzentrum?<\/strong> Dann kommen Sie gerne jederzeit auf uns zu. Sie erreichen uns am besten \u00fcber das folgende Kontaktformular. Hier k\u00f6nnen Sie auch Termine anfragen. Denn auch wir wissen, dass man manchmal etwas zu einer bestimmten zeit ben\u00f6tigt. Grunds\u00e4tzlich k\u00f6nnen Sie aber jederzeit ohne Voranmeldung  bei uns vorbei kommen.\u00a0<\/p>\n\n<div class=\"wpcf7 no-js\" id=\"wpcf7-f2389-o4\" lang=\"de-DE\" dir=\"ltr\">\n<div class=\"screen-reader-response\"><p role=\"status\" aria-live=\"polite\" aria-atomic=\"true\"><\/p> <ul><\/ul><\/div>\n<form action=\"\/it\/wp-json\/wp\/v2\/pages\/14426#wpcf7-f2389-o4\" method=\"post\" class=\"wpcf7-form init\" aria-label=\"Kontaktformular\" novalidate=\"novalidate\" data-status=\"init\">\n<div style=\"display: none;\">\n<input type=\"hidden\" name=\"_wpcf7\" value=\"2389\" \/>\n<input type=\"hidden\" name=\"_wpcf7_version\" value=\"5.9.8\" \/>\n<input type=\"hidden\" name=\"_wpcf7_locale\" value=\"de_DE\" \/>\n<input type=\"hidden\" name=\"_wpcf7_unit_tag\" value=\"wpcf7-f2389-o4\" \/>\n<input type=\"hidden\" name=\"_wpcf7_container_post\" value=\"0\" \/>\n<input type=\"hidden\" name=\"_wpcf7_posted_data_hash\" value=\"\" \/>\n<\/div>\n<p><label>Firma<\/label><br \/>\n<span class=\"wpcf7-form-control-wrap\" data-name=\"Firma\"><input size=\"40\" maxlength=\"400\" class=\"wpcf7-form-control wpcf7-text\" aria-invalid=\"false\" value=\"\" type=\"text\" name=\"Firma\" \/><\/span>\n<\/p>\n<p><label>Vor- und Nachname *<\/label><br \/>\n<span class=\"wpcf7-form-control-wrap\" data-name=\"your-name\"><input size=\"40\" maxlength=\"400\" class=\"wpcf7-form-control wpcf7-text wpcf7-validates-as-required\" aria-required=\"true\" aria-invalid=\"false\" value=\"\" type=\"text\" name=\"your-name\" \/><\/span>\n<\/p>\n<p><label>Telefon *<\/label><br \/>\n<span class=\"wpcf7-form-control-wrap\" data-name=\"Telefon\"><input size=\"40\" maxlength=\"400\" class=\"wpcf7-form-control wpcf7-text wpcf7-validates-as-required\" aria-required=\"true\" aria-invalid=\"false\" value=\"\" type=\"text\" name=\"Telefon\" \/><\/span>\n<\/p>\n<p><label>E-Mail-Adresse *<\/label><br \/>\n<span class=\"wpcf7-form-control-wrap\" data-name=\"your-email\"><input size=\"40\" maxlength=\"400\" class=\"wpcf7-form-control wpcf7-email wpcf7-validates-as-required wpcf7-text wpcf7-validates-as-email\" aria-required=\"true\" aria-invalid=\"false\" value=\"\" type=\"email\" name=\"your-email\" \/><\/span>\n<\/p>\n<p><label>Nachricht *<\/label><br \/>\n<span class=\"wpcf7-form-control-wrap\" data-name=\"your-message\"><textarea cols=\"40\" rows=\"10\" maxlength=\"2000\" class=\"wpcf7-form-control wpcf7-textarea\" aria-invalid=\"false\" name=\"your-message\"><\/textarea><\/span>\n<\/p>\n<p><input class=\"wpcf7-form-control wpcf7-submit has-spinner button\" type=\"submit\" value=\"Senden\" \/>\n<\/p><div class=\"wpcf7-response-output\" aria-hidden=\"true\"><\/div>\n<\/form>\n<\/div>\n\n\t\t<\/div>\n\t\t\t\t\t<\/div>\n\n\t\n<\/div>\n<div class=\"row\"  id=\"row-1008775396\">\n\n\t<div id=\"col-2144348888\" class=\"col small-12 large-12\"  >\n\t\t\t\t<div class=\"col-inner\"  >\n\t\t\t\n\t\t\t\n<h3 class=\"accordion_title\">COVID-19 Testcenter in Z\u00fcrich City<\/h3><div class=\"accordion\">\n\t<div id=\"accordion-2965066441\" class=\"accordion-item\">\n\t\t<a id=\"accordion-2965066441-label\" class=\"accordion-title plain active\" href aria-expanded=\"true\" aria-controls=\"accordion-2965066441-content\" >\n\t\t\t<button class=\"toggle\" aria-label=\"Attiva\/Disattiva\"><i class=\"icon-angle-down\"><\/i><\/button>\n\t\t\t<span>Was ist ein Antigen Test (Corona Schnelltest):<\/span>\n\t\t<\/a>\n\t\t<div id=\"accordion-2965066441-content\" class=\"accordion-inner\" style=\"display: block;\" aria-labelledby=\"accordion-2965066441-label\" >\n\t\t\t\n<p><span>Ein COVID-19 Schnelltest weist spezifische Proteine (Eiwei\u00dfe aus der H\u00fclle des Virus) nach. Es wird getestet, ob im Moment des Tests\u00a0eine Infektion vorliegt. <\/span><\/p>\n<p>Es gibt folgende Varianten von Antigen-Schnelltests:<\/p>\n<ul>\n<li style=\"list-style-type: none;\">\n<ul>\n<li>Nasalabstrich<\/li>\n<li>Rachenabstrich<\/li>\n<li>Spucktest<\/li>\n<\/ul>\n<\/li>\n<\/ul>\n<p><span>Die Auswertung des Coronatest erfolgt direkt vor Ort im Testzentrum durch unser medizinisch geschultes Fachpersonal. <\/span><\/p>\n<p><span>Das sollten Sie noch \u00fcber einen Corona-Schnelltest wissen:<\/span><\/p>\n<ol>\n<li style=\"list-style-type: none;\">\n<ol>\n<li><span>Das Testergebnis liegt innerhalb von 15 Minuten vor<\/span><\/li>\n<li>Der Test ist kostenfrei und wird vom Bund \u00fcbernommen<\/li>\n<li><span>Das Resultat ist nicht so verl\u00e4sslich wie ein PCR-Test<\/span><\/li>\n<\/ol>\n<\/li>\n<\/ol>\n<p>\u00a0<\/p>\n\t\t<\/div>\n\t<\/div>\n\t\n\t<div id=\"accordion-481553022\" class=\"accordion-item\">\n\t\t<a id=\"accordion-481553022-label\" class=\"accordion-title plain\" href=\"#accordion-item-was-ist-ein-pcr-test?\" aria-expanded=\"false\" aria-controls=\"accordion-481553022-content\" >\n\t\t\t<button class=\"toggle\" aria-label=\"Attiva\/Disattiva\"><i class=\"icon-angle-down\"><\/i><\/button>\n\t\t\t<span>Was ist ein PCR-Test?<\/span>\n\t\t<\/a>\n\t\t<div id=\"accordion-481553022-content\" class=\"accordion-inner\" aria-labelledby=\"accordion-481553022-label\" >\n\t\t\t\n<div class=\"elementor-element elementor-element-a59b138 elementor-widget elementor-widget-text-editor\" data-id=\"a59b138\" data-element_type=\"widget\" data-widget_type=\"text-editor.default\">\n<div class=\"elementor-widget-container\">\n<p>Ein PCR Test ist die sicherste Variante eine Infektion mit dem Coronavirus nachzuweisen. Die Abk\u00fcrzung steht f\u00fcr <strong>real-time quantitative Reverse-Transkriptase-Polymerase-Kettenreaktion<\/strong>.<\/p>\n<p>Die Auswertung eines PCR Tests erfolgt im Labor, nach einem Abstrich im Testzentrum. Das Ergebnis liegt nach wenigen Stunden vor. Im Normalfall wird ein Ergebnis nach 24h garantiert.<\/p>\n<p>In unserem Testzentrum an der Talstrasse haben wir nicht die M\u00f6glichkeit eine solche Laborauswertung vorzunehmen und f\u00fchren deshalb keine PCR Test durch. \u00a0<\/p>\n<\/div>\n<\/div>\n<div class=\"elementor-element elementor-element-d5e0f3a elementor-widget elementor-widget-heading\" data-id=\"d5e0f3a\" data-element_type=\"widget\" data-widget_type=\"heading.default\">\n<div class=\"elementor-widget-container\"><\/div>\n<\/div>\n\t\t<\/div>\n\t<\/div>\n\t\n\t<div id=\"accordion-2484519399\" class=\"accordion-item\">\n\t\t<a id=\"accordion-2484519399-label\" class=\"accordion-title plain\" href=\"#accordion-item-was-ist-ein-antik\u00f6rpertest?\" aria-expanded=\"false\" aria-controls=\"accordion-2484519399-content\" >\n\t\t\t<button class=\"toggle\" aria-label=\"Attiva\/Disattiva\"><i class=\"icon-angle-down\"><\/i><\/button>\n\t\t\t<span>Was ist ein Antik\u00f6rpertest?<\/span>\n\t\t<\/a>\n\t\t<div id=\"accordion-2484519399-content\" class=\"accordion-inner\" aria-labelledby=\"accordion-2484519399-label\" >\n\t\t\t\n<div class=\"elementor-element elementor-element-b74f7c9 elementor-widget elementor-widget-text-editor\" data-id=\"b74f7c9\" data-element_type=\"widget\" data-widget_type=\"text-editor.default\">\n<div class=\"elementor-widget-container\">\n<p>Mit einem \u00abAntik\u00f6rpertest\u00bb erh\u00e4lt du in ein paar Arbeitstagen die Gewissheit, ob du bereits Antik\u00f6rper gegen das Coronavirus gebildet hast.\u00a0<\/p>\n<p>Dabei wird dir Blutabgenommen und im Labor gepr\u00fcft, ob das Blut genau die Antik\u00f6rper beinhaltet, die das Coronavirus nach \u00fcberstandener Infektion bildet.\u00a0<\/p>\n<p>Da wir in unserem COVID-19 Testzentrum keine M\u00f6glichkeit haben Blut abzunehmen und dieses zu analysieren, f\u00fchren wir diese Test nicht vor Ort durch.\u00a0<\/p>\n<\/div>\n<\/div>\n<section class=\"elementor-section elementor-inner-section elementor-element elementor-element-05fb5de elementor-section-boxed elementor-section-height-default elementor-section-height-default\" data-id=\"05fb5de\" data-element_type=\"section\">\n<div class=\"elementor-container elementor-column-gap-default\">\n<div class=\"elementor-column elementor-col-50 elementor-inner-column elementor-element elementor-element-32ed4c8\" data-id=\"32ed4c8\" data-element_type=\"column\">\n<div class=\"elementor-widget-wrap elementor-element-populated\">\n<div class=\"elementor-element elementor-element-8e520fb elementor-aspect-ratio-169 elementor-widget elementor-widget-video\" data-id=\"8e520fb\" data-element_type=\"widget\" data-settings=\"{&quot;youtube_url&quot;:&quot;https:\/\/youtu.be\/EX3Ed97mCXI&quot;,&quot;video_type&quot;:&quot;youtube&quot;,&quot;controls&quot;:&quot;yes&quot;,&quot;aspect_ratio&quot;:&quot;169&quot;}\" data-widget_type=\"video.default\">\n<div class=\"elementor-widget-container\">\n<div class=\"elementor-wrapper elementor-fit-aspect-ratio elementor-open-inline\"><\/div>\n<\/div>\n<\/div>\n<\/div>\n<\/div>\n<\/div>\n<\/section>\n\t\t<\/div>\n\t<\/div>\n\t\n<\/div>\n\t\t<\/div>\n\t\t\t\t\t<\/div>\n\n\t\n<\/div>\n\n\t<script type=\"text\/javascript\">\n  jQuery( document ).ready(function() {\n    function initialize() {\n        var styles = {\n            'flatsome':  [{\n            \"featureType\": \"administrative\",\n            \"stylers\": [\n              { \"visibility\": \"on\" }\n            ]\n          },\n          {\n            \"featureType\": \"road\",\n            \"stylers\": [\n              { \"visibility\": \"on\" },\n              { \"hue\": \"\" }\n            ]\n          },\n          {\n            \"stylers\": [\n\t\t\t  { \"visibility\": \"on\" },\n\t\t\t  { \"hue\": \"\" },\n\t\t\t  { \"saturation\": -30 }\n            ]\n          }\n        ]};\n\n        var myLatlng = new google.maps.LatLng(47.3685987, 8.53799);\n        var myOptions = {\n            zoom: 17,\n            center: myLatlng,\n            mapTypeId: google.maps.MapTypeId.ROADMAP,\n            disableDefaultUI: true,\n            mapTypeId: 'flatsome',\n            draggable: true,\n            zoomControl: false,\n            zoomControlOptions: {\n              position: google.maps.ControlPosition.TOP_LEFT\n            },\n      \t\t\tmapTypeControl: false,\n            mapTypeControlOptions: {\n              position: google.maps.ControlPosition.TOP_LEFT\n            },\n      \t\t\tstreetViewControl: false,\n            streetViewControlOptions: {\n              position: google.maps.ControlPosition.TOP_LEFT\n            },\n            scrollwheel: false,\n            disableDoubleClickZoom: true\n        }\n        var map = new google.maps.Map(document.getElementById(\"map-2665751097-inner\"), myOptions);\n        var styledMapType = new google.maps.StyledMapType(styles['flatsome'], {name: 'flatsome'});\n        map.mapTypes.set('flatsome', styledMapType);\n\n        var marker = new google.maps.Marker({\n            position: myLatlng,\n            map: map,\n            title:\"\"\n        });\n    }\n\n    \/\/ Required to proceed\n    if (!(typeof google === 'object' && typeof google.maps === 'object')) {\n      return\n    }\n\n    initialize()\n    google.maps.event.addDomListener(window, 'resize', initialize);\n    });\n    <\/script>\n\n    <div class=\"google-map relative mb\" id=\"map-2665751097\">\n        <div class=\"map-height\" id=\"map-2665751097-inner\"><\/div>\n        <div id=\"map_overlay_top\"><\/div>\n        <div id=\"map_overlay_bottom\"><\/div>\n                  <div class=\"map_inner map-inner last-reset absolute x100 md-x95 lg-x95 y100 md-y95 lg-y95\">\n              \n<p>Corona Testzentrum Z\u00fcrich City<br \/>\nTalstrasse 25<br \/>\n8001 Z\u00fcrich<\/p>\n         <\/div>\n       \n       \n<style>\n#map-2665751097 .map-inner {\n  background-color: #fff;\n  max-width: 100%;\n}\n#map-2665751097 .map-height {\n  height: 400px;\n}\n@media (min-width:550px) {\n  #map-2665751097 .map-inner {\n    max-width: 40%;\n  }\n}\n@media (min-width:850px) {\n  #map-2665751097 .map-inner {\n    max-width: 30%;\n  }\n}\n<\/style>\n    <\/div>","protected":false},"excerpt":{"rendered":"","protected":false},"author":1,"featured_media":0,"parent":0,"menu_order":0,"comment_status":"closed","ping_status":"closed","template":"page-blank.php","meta":{"footnotes":""},"_links":{"self":[{"href":"https:\/\/schutzmasken.ch\/it\/wp-json\/wp\/v2\/pages\/14426"}],"collection":[{"href":"https:\/\/schutzmasken.ch\/it\/wp-json\/wp\/v2\/pages"}],"about":[{"href":"https:\/\/schutzmasken.ch\/it\/wp-json\/wp\/v2\/types\/page"}],"author":[{"embeddable":true,"href":"https:\/\/schutzmasken.ch\/it\/wp-json\/wp\/v2\/users\/1"}],"replies":[{"embeddable":true,"href":"https:\/\/schutzmasken.ch\/it\/wp-json\/wp\/v2\/comments?post=14426"}],"version-history":[{"count":0,"href":"https:\/\/schutzmasken.ch\/it\/wp-json\/wp\/v2\/pages\/14426\/revisions"}],"wp:attachment":[{"href":"https:\/\/schutzmasken.ch\/it\/wp-json\/wp\/v2\/media?parent=14426"}],"curies":[{"name":"wp","href":"https:\/\/api.w.org\/{rel}","templated":true}]}}