{"id":2446,"date":"2020-09-25T09:23:01","date_gmt":"2020-09-25T07:23:01","guid":{"rendered":"https:\/\/schutzmasken.ch\/?page_id=2446"},"modified":"2021-01-04T20:17:45","modified_gmt":"2021-01-04T19:17:45","slug":"impressum","status":"publish","type":"page","link":"https:\/\/schutzmasken.ch\/it\/impressum\/","title":{"rendered":"Impronta"},"content":{"rendered":"<h2><strong>Redaktion \/ Gesamtverantwortung<\/strong><\/h2>\n<p><strong>Monsen GmbH<\/strong><br \/>\n<span>Weinberglistrasse 4<\/span><br \/>\n<span>6005 Luzern<\/span><br \/>\nSchweiz<br \/>\nTelefon +41 43 500 00 26<br \/>\n<a href=\"mailto:info@schutzmasken.ch\"><span style=\"color: #d92e17;\">info@schutzmasken.ch<\/span><\/a><\/p>\n<p>UID-Nummer: <span>CHE-205.195.432<\/span><\/p>\n<p>&nbsp;<\/p>\n<h3><strong>Rechtliches<\/strong><\/h3>\n<p>Das Copyright f\u00fcr den gesamten Internetauftritt liegt bei Monsen GmbH. Inhalte d\u00fcrfen nicht in einem anderen Zusammenhang verwendet und kopiert werden. F\u00fcr Informationen auf dieser Website werden s\u00e4mtliche Haftungsanspr\u00fcche ausgeschlossen.<\/p>\n<p>&nbsp;<\/p>\n<p>Pers\u00f6nliche Daten, die beim Ausf\u00fcllen des Formulares \u00fcbermittelt werden, sind vertraulich und werden nicht an Dritte weitergegeben.<\/p>\n<p>&nbsp;<\/p>\n<h3><strong>Disclaimer<\/strong><\/h3>\n<p>monsen GmbH hat diese Internet-Seiten mit grosser Sorgfalt erstellt und gepr\u00fcft. Dennoch kann monsen GmbH keine Garantie daf\u00fcr \u00fcbernehmen, dass die Angaben vollst\u00e4ndig, richtig und in jedem Fall aktuell sind. Dies gilt auch f\u00fcr alle Links, auf die diese Webseiten direkt oder indirekt verweisen. monsen GmbH ist f\u00fcr den Inhalt von fremden Webseiten, die mit einem solchen Link erreicht werden, nicht verantwortlich. monsen GmbH beh\u00e4lt sich das Recht vor, jederzeit und ohne vorherige Ank\u00fcndigung \u00c4nderungen oder Erg\u00e4nzungen der bereitgestellten Informationen vorzunehmen; dies gilt auch f\u00fcr die Verlinkung. Im durch anwendbares Recht zugelassenen Umfang schliesst monsen GmbH alle Gew\u00e4hrleistungen und Garantien, seien sie ausdr\u00fccklich, konkludent oder gesetzlich, aus. monsen GmbH haftet nicht f\u00fcr direkte oder indirekte Sch\u00e4den, einschliesslich entgangenen Gewinnen, die aufgrund von oder sonst wie in Verbindung mit Informationen entstehen, die auf diesen Webseiten bereitgehalten werden. Ebenfalls haftet monsen GmbH nicht f\u00fcr Dienstleistungen oder Informationen, gleich welcher Art, die durch Dritte erbracht oder gegeben werden, unabh\u00e4ngig davon, ob diese Dienstleistungen oder Informationen auf den monsen GmbH Webseiten oder auf den Webseiten des Dritten, auf die monsen GmbH per Link verweist, erbracht oder angeboten werden. monsen GmbH weist darauf hin, dass alle innerhalb des Internetangebotes genannten und gegebenenfalls durch Dritte gesch\u00fctzten Marken- und Warenzeichen sowie Handelsnamen uneingeschr\u00e4nkt den Bestimmungen des jeweils g\u00fcltigen Kennzeichenrechts und den Besitzrechten der jeweiligen eingetragenen Eigent\u00fcmer unterliegen. Die blosse Nennung l\u00e4sst nicht den Schluss zu, dass Markenzeichen nicht durch Rechte Dritter gesch\u00fctzt sind. Das Copyright f\u00fcr ver\u00f6ffentlichte, von monsen GmbH selbst erstellte Objekte, Produkte und Texte bleibt allein bei monsen GmbH Eine Vervielf\u00e4ltigung oder Verwendung von Grafiken und Texten in anderen elektronischen oder gedruckten Publikationen ist ohne ausdr\u00fcckliche Zustimmung von monsen GmbH nicht gestattet.<\/p>\n","protected":false},"excerpt":{"rendered":"<p>Redaktion \/ Gesamtverantwortung Monsen GmbH Weinberglistrasse 4 6005 Luzern Schweiz Telefon +41 43 500 00 26 info@schutzmasken.ch UID-Nummer: CHE-205.195.432 &nbsp; Rechtliches Das Copyright f\u00fcr den gesamten Internetauftritt liegt bei Monsen GmbH. Inhalte d\u00fcrfen nicht in einem anderen Zusammenhang verwendet und kopiert werden. F\u00fcr Informationen auf dieser Website werden s\u00e4mtliche Haftungsanspr\u00fcche ausgeschlossen. &nbsp; Pers\u00f6nliche Daten, die [&#8230;]\n","protected":false},"author":1,"featured_media":0,"parent":0,"menu_order":0,"comment_status":"closed","ping_status":"closed","template":"page-blank-title-center.php","meta":{"footnotes":""},"_links":{"self":[{"href":"https:\/\/schutzmasken.ch\/it\/wp-json\/wp\/v2\/pages\/2446"}],"collection":[{"href":"https:\/\/schutzmasken.ch\/it\/wp-json\/wp\/v2\/pages"}],"about":[{"href":"https:\/\/schutzmasken.ch\/it\/wp-json\/wp\/v2\/types\/page"}],"author":[{"embeddable":true,"href":"https:\/\/schutzmasken.ch\/it\/wp-json\/wp\/v2\/users\/1"}],"replies":[{"embeddable":true,"href":"https:\/\/schutzmasken.ch\/it\/wp-json\/wp\/v2\/comments?post=2446"}],"version-history":[{"count":0,"href":"https:\/\/schutzmasken.ch\/it\/wp-json\/wp\/v2\/pages\/2446\/revisions"}],"wp:attachment":[{"href":"https:\/\/schutzmasken.ch\/it\/wp-json\/wp\/v2\/media?parent=2446"}],"curies":[{"name":"wp","href":"https:\/\/api.w.org\/{rel}","templated":true}]}}